{"id":1267,"date":"2022-11-04T09:25:56","date_gmt":"2022-11-04T09:25:56","guid":{"rendered":"https:\/\/icardme.com\/get\/?post_type=product&#038;p=1267"},"modified":"2024-02-27T13:24:40","modified_gmt":"2024-02-27T13:24:40","slug":"silver","status":"publish","type":"product","link":"https:\/\/icardme.com\/get\/urun\/silver\/","title":{"rendered":"G\u00fcm\u00fc\u015f"},"content":{"rendered":"","protected":false},"excerpt":{"rendered":"","protected":false},"featured_media":1265,"comment_status":"closed","ping_status":"closed","template":"","meta":{"_uag_custom_page_level_css":""},"product_cat":[66],"product_tag":[],"jetpack_sharing_enabled":true,"uagb_featured_image_src":{"full":["https:\/\/i0.wp.com\/icardme.com\/get\/wp-content\/uploads\/2022\/11\/silver.png?fit=4000%2C3200&ssl=1",4000,3200,false],"thumbnail":["https:\/\/i0.wp.com\/icardme.com\/get\/wp-content\/uploads\/2022\/11\/silver.png?resize=150%2C150&ssl=1",150,150,true],"medium":["https:\/\/i0.wp.com\/icardme.com\/get\/wp-content\/uploads\/2022\/11\/silver.png?fit=300%2C240&ssl=1",300,240,true],"medium_large":["https:\/\/i0.wp.com\/icardme.com\/get\/wp-content\/uploads\/2022\/11\/silver.png?fit=768%2C614&ssl=1",768,614,true],"large":["https:\/\/i0.wp.com\/icardme.com\/get\/wp-content\/uploads\/2022\/11\/silver.png?fit=1024%2C819&ssl=1",1024,819,true],"1536x1536":["https:\/\/i0.wp.com\/icardme.com\/get\/wp-content\/uploads\/2022\/11\/silver.png?fit=1536%2C1229&ssl=1",1536,1229,true],"2048x2048":["https:\/\/i0.wp.com\/icardme.com\/get\/wp-content\/uploads\/2022\/11\/silver.png?fit=2048%2C1638&ssl=1",2048,1638,true],"be_thumbnail":["https:\/\/i0.wp.com\/icardme.com\/get\/wp-content\/uploads\/2022\/11\/silver.png?resize=150%2C150&ssl=1",150,150,true],"be_clients":["https:\/\/i0.wp.com\/icardme.com\/get\/wp-content\/uploads\/2022\/11\/silver.png?fit=94%2C75&ssl=1",94,75,true],"slider-content":["https:\/\/i0.wp.com\/icardme.com\/get\/wp-content\/uploads\/2022\/11\/silver.png?resize=1630%2C860&ssl=1",1630,860,true],"portfolio-mf":["https:\/\/i0.wp.com\/icardme.com\/get\/wp-content\/uploads\/2022\/11\/silver.png?resize=1280%2C1000&ssl=1",1280,1000,true],"portfolio-mf-w":["https:\/\/i0.wp.com\/icardme.com\/get\/wp-content\/uploads\/2022\/11\/silver.png?resize=1280%2C500&ssl=1",1280,500,true],"portfolio-mf-t":["https:\/\/i0.wp.com\/icardme.com\/get\/wp-content\/uploads\/2022\/11\/silver.png?resize=768%2C1200&ssl=1",768,1200,true],"portfolio-list":["https:\/\/i0.wp.com\/icardme.com\/get\/wp-content\/uploads\/2022\/11\/silver.png?resize=1920%2C750&ssl=1",1920,750,true],"blog-portfolio":["https:\/\/i0.wp.com\/icardme.com\/get\/wp-content\/uploads\/2022\/11\/silver.png?resize=960%2C720&ssl=1",960,720,true],"blog-single":["https:\/\/i0.wp.com\/icardme.com\/get\/wp-content\/uploads\/2022\/11\/silver.png?resize=1200%2C675&ssl=1",1200,675,true],"mobile-srcset":["https:\/\/i0.wp.com\/icardme.com\/get\/wp-content\/uploads\/2022\/11\/silver.png?fit=480%2C384&ssl=1",480,384,true],"woocommerce_thumbnail":["https:\/\/i0.wp.com\/icardme.com\/get\/wp-content\/uploads\/2022\/11\/silver.png?resize=800%2C800&ssl=1",800,800,true],"woocommerce_single":["https:\/\/i0.wp.com\/icardme.com\/get\/wp-content\/uploads\/2022\/11\/silver.png?fit=1200%2C960&ssl=1",1200,960,true],"woocommerce_gallery_thumbnail":["https:\/\/i0.wp.com\/icardme.com\/get\/wp-content\/uploads\/2022\/11\/silver.png?resize=300%2C300&ssl=1",300,300,true]},"uagb_author_info":{"display_name":"admin","author_link":"https:\/\/icardme.com\/get\/author\/"},"uagb_comment_info":0,"uagb_excerpt":null,"_links":{"self":[{"href":"https:\/\/icardme.com\/get\/wp-json\/wp\/v2\/product\/1267"}],"collection":[{"href":"https:\/\/icardme.com\/get\/wp-json\/wp\/v2\/product"}],"about":[{"href":"https:\/\/icardme.com\/get\/wp-json\/wp\/v2\/types\/product"}],"replies":[{"embeddable":true,"href":"https:\/\/icardme.com\/get\/wp-json\/wp\/v2\/comments?post=1267"}],"version-history":[{"count":1,"href":"https:\/\/icardme.com\/get\/wp-json\/wp\/v2\/product\/1267\/revisions"}],"predecessor-version":[{"id":1268,"href":"https:\/\/icardme.com\/get\/wp-json\/wp\/v2\/product\/1267\/revisions\/1268"}],"wp:featuredmedia":[{"embeddable":true,"href":"https:\/\/icardme.com\/get\/wp-json\/wp\/v2\/media\/1265"}],"wp:attachment":[{"href":"https:\/\/icardme.com\/get\/wp-json\/wp\/v2\/media?parent=1267"}],"wp:term":[{"taxonomy":"product_cat","embeddable":true,"href":"https:\/\/icardme.com\/get\/wp-json\/wp\/v2\/product_cat?post=1267"},{"taxonomy":"product_tag","embeddable":true,"href":"https:\/\/icardme.com\/get\/wp-json\/wp\/v2\/product_tag?post=1267"}],"curies":[{"name":"wp","href":"https:\/\/api.w.org\/{rel}","templated":true}]}}