{"id":1254,"date":"2022-09-14T12:15:56","date_gmt":"2022-09-14T12:15:56","guid":{"rendered":"https:\/\/icardme.com\/get\/?page_id=1254"},"modified":"2022-09-14T12:15:58","modified_gmt":"2022-09-14T12:15:58","slug":"icardme-hakkinda","status":"publish","type":"page","link":"https:\/\/icardme.com\/get\/icardme-hakkinda\/","title":{"rendered":"iCardMe Hakk\u0131nda"},"content":{"rendered":"\n<p>iCardMe 2021 y\u0131l\u0131nda kurulmu\u015f olan yak\u0131n alan ileti\u015fimli (NFC) \u00fcr\u00fcnler ve \u00e7\u00f6z\u00fcmler \u00fcreten bir firmad\u0131r. NFC teknolojisinin hayat\u0131m\u0131zda kolayla\u015ft\u0131rabileceklerini maksimum seviyeye ta\u015f\u0131ma vizyonu ile \u00e7al\u0131\u015fan iCardMe yeni ve yenilik\u00e7i bir firmad\u0131r. Pandemi ile birlikte hayat\u0131m\u0131zda yerini sa\u011flamla\u015ft\u0131ran NFC teknolojisi \u00e7ok keyifli ve kullan\u0131\u015fl\u0131 olabiliyor, temass\u0131z kredi kartlar\u0131ndan, envanter ve bagaj takibine kadar bir\u00e7ok alanda hayat\u0131m\u0131za girmi\u015f olan bu teknolojinin kullan\u0131m alanlar\u0131n\u0131 geni\u015fletmek ve hayat\u0131 kolayla\u015ft\u0131rmak i\u00e7in \u00e7al\u0131\u015f\u0131yoruz ve \u00e7al\u0131\u015faca\u011f\u0131z.<\/p>\n","protected":false},"excerpt":{"rendered":"<p>iCardMe 2021 y\u0131l\u0131nda kurulmu\u015f olan yak\u0131n alan ileti\u015fimli (NFC) \u00fcr\u00fcnler ve \u00e7\u00f6z\u00fcmler \u00fcreten bir firmad\u0131r. NFC teknolojisinin hayat\u0131m\u0131zda kolayla\u015ft\u0131rabileceklerini maksimum seviyeye ta\u015f\u0131ma vizyonu ile \u00e7al\u0131\u015fan iCardMe<span class=\"excerpt-hellip\"> [\u2026]<\/span><\/p>\n","protected":false},"author":1,"featured_media":0,"parent":0,"menu_order":0,"comment_status":"closed","ping_status":"closed","template":"","meta":{"_uag_custom_page_level_css":"","footnotes":""},"jetpack_sharing_enabled":true,"uagb_featured_image_src":{"full":false,"thumbnail":false,"medium":false,"medium_large":false,"large":false,"1536x1536":false,"2048x2048":false,"be_thumbnail":false,"be_clients":false,"slider-content":false,"portfolio-mf":false,"portfolio-mf-w":false,"portfolio-mf-t":false,"portfolio-list":false,"blog-portfolio":false,"blog-single":false,"mobile-srcset":false,"woocommerce_thumbnail":false,"woocommerce_single":false,"woocommerce_gallery_thumbnail":false},"uagb_author_info":{"display_name":"admin","author_link":"https:\/\/icardme.com\/get\/author\/admin\/"},"uagb_comment_info":0,"uagb_excerpt":"iCardMe 2021 y\u0131l\u0131nda kurulmu\u015f olan yak\u0131n alan ileti\u015fimli (NFC) \u00fcr\u00fcnler ve \u00e7\u00f6z\u00fcmler \u00fcreten bir firmad\u0131r. NFC teknolojisinin hayat\u0131m\u0131zda kolayla\u015ft\u0131rabileceklerini maksimum seviyeye ta\u015f\u0131ma vizyonu ile \u00e7al\u0131\u015fan iCardMe [\u2026]","_links":{"self":[{"href":"https:\/\/icardme.com\/get\/wp-json\/wp\/v2\/pages\/1254"}],"collection":[{"href":"https:\/\/icardme.com\/get\/wp-json\/wp\/v2\/pages"}],"about":[{"href":"https:\/\/icardme.com\/get\/wp-json\/wp\/v2\/types\/page"}],"author":[{"embeddable":true,"href":"https:\/\/icardme.com\/get\/wp-json\/wp\/v2\/users\/1"}],"replies":[{"embeddable":true,"href":"https:\/\/icardme.com\/get\/wp-json\/wp\/v2\/comments?post=1254"}],"version-history":[{"count":1,"href":"https:\/\/icardme.com\/get\/wp-json\/wp\/v2\/pages\/1254\/revisions"}],"predecessor-version":[{"id":1255,"href":"https:\/\/icardme.com\/get\/wp-json\/wp\/v2\/pages\/1254\/revisions\/1255"}],"wp:attachment":[{"href":"https:\/\/icardme.com\/get\/wp-json\/wp\/v2\/media?parent=1254"}],"curies":[{"name":"wp","href":"https:\/\/api.w.org\/{rel}","templated":true}]}}