{"id":1252,"date":"2022-09-14T12:13:33","date_gmt":"2022-09-14T12:13:33","guid":{"rendered":"https:\/\/icardme.com\/get\/?page_id=1252"},"modified":"2022-09-14T12:13:35","modified_gmt":"2022-09-14T12:13:35","slug":"iade-ve-geri-odeme-politikasi","status":"publish","type":"page","link":"https:\/\/icardme.com\/get\/iade-ve-geri-odeme-politikasi\/","title":{"rendered":"\u0130ade ve Geri \u00d6deme Politikas\u0131"},"content":{"rendered":"\n<p>Son g\u00fcncelleme: 14 Eyl\u00fcl 2022<\/p>\n\n\n\n<p>iCardMe&#8217;den al\u0131\u015fveri\u015f yapt\u0131\u011f\u0131n\u0131z i\u00e7in te\u015fekk\u00fcr ederiz.<\/p>\n\n\n\n<p>Herhangi bir nedenle bir sat\u0131n alma i\u015fleminden tamamen memnun kalmazsan\u0131z, Sizi geri \u00f6demeler ve iadelerle ilgili politikam\u0131z\u0131 incelemeye davet ediyoruz.<\/p>\n\n\n\n<p>A\u015fa\u011f\u0131daki ko\u015fullar, Bizden sat\u0131n ald\u0131\u011f\u0131n\u0131z t\u00fcm \u00fcr\u00fcnler i\u00e7in ge\u00e7erlidir.<\/p>\n\n\n\n<p>Yorum ve Tan\u0131mlar<\/p>\n\n\n\n<p>Terc\u00fcme<\/p>\n\n\n\n<p>Ba\u015f harfi b\u00fcy\u00fck olan kelimeler a\u015fa\u011f\u0131daki ko\u015fullarda tan\u0131mlanan anlamlara sahiptir. A\u015fa\u011f\u0131daki tan\u0131mlar, tekil veya \u00e7o\u011ful olarak g\u00f6r\u00fcn\u00fcp g\u00f6r\u00fcnmediklerine bak\u0131lmaks\u0131z\u0131n ayn\u0131 anlama sahip olacakt\u0131r.<\/p>\n\n\n\n<p>Tan\u0131mlar<\/p>\n\n\n\n<p>Bu \u0130ade ve Geri \u00d6deme Politikas\u0131n\u0131n ama\u00e7lar\u0131 do\u011frultusunda:<\/p>\n\n\n\n<p>\u015eirket (bu S\u00f6zle\u015fmede &#8220;\u015eirket&#8221;, &#8220;Biz&#8221;, &#8220;Biz&#8221; veya &#8220;Bizim&#8221; olarak an\u0131lacakt\u0131r) iCardMe&#8217;yi ifade eder.<\/p>\n\n\n\n<p>\u00dcr\u00fcnler, Hizmet&#8217;te sat\u0131\u015fa sunulan \u00fcr\u00fcnler anlam\u0131na gelir.<\/p>\n\n\n\n<p>Sipari\u015fler, Bizden Mal sat\u0131n almak i\u00e7in taraf\u0131n\u0131zdan yap\u0131lan bir talep anlam\u0131na gelir.<\/p>\n\n\n\n<p>Hizmet, Web Sitesini ifade eder.<\/p>\n\n\n\n<p>Web sitesi, https:\/\/icardme.com adresinden eri\u015filebilen iCardMe&#8217;ye at\u0131fta bulunur.<\/p>\n\n\n\n<p>Hizmete eri\u015fen veya Hizmet&#8217;i kullanan ki\u015fi veya s\u00f6z konusu ki\u015finin ad\u0131na Hizmet&#8217;e eri\u015fti\u011fi veya Hizmet&#8217;i kulland\u0131\u011f\u0131 \u015firket veya di\u011fer t\u00fczel ki\u015filik anlam\u0131na gelir.<\/p>\n\n\n\n<p>Sipari\u015f \u0130ptal Haklar\u0131n\u0131z<\/p>\n\n\n\n<p>Sipari\u015finizi 14 g\u00fcn i\u00e7erisinde herhangi bir sebep g\u00f6stermeksizin iptal etme hakk\u0131n\u0131z bulunmaktad\u0131r.<\/p>\n\n\n\n<p>Bir Sipari\u015fi iptal etmek i\u00e7in son tarih, Mallar\u0131 ald\u0131\u011f\u0131n\u0131z veya tayin etti\u011finiz, ta\u015f\u0131y\u0131c\u0131 olmayan \u00fc\u00e7\u00fcnc\u00fc bir ki\u015finin teslim edilen \u00fcr\u00fcn\u00fc teslim ald\u0131\u011f\u0131 tarihten itibaren 14 g\u00fcnd\u00fcr.<\/p>\n\n\n\n<p>\u0130ptal hakk\u0131n\u0131z\u0131 kullanmak i\u00e7in, karar\u0131n\u0131z\u0131 bize a\u00e7\u0131k bir beyanla bildirmelisiniz. Karar\u0131n\u0131z\u0131 bize \u015fu \u015fekilde bildirebilirsiniz:<\/p>\n\n\n\n<p>E-posta ile: hello@icardme.com<\/p>\n\n\n\n<p>Web sitemizde bu sayfay\u0131 ziyaret ederek: https:\/\/icardme.com<\/p>\n\n\n\n<p>\u0130ade edilen Mallar\u0131 ald\u0131\u011f\u0131m\u0131z g\u00fcnden itibaren en ge\u00e7 14 g\u00fcn i\u00e7inde Size geri \u00f6deme yapaca\u011f\u0131z. Sipari\u015f i\u00e7in kulland\u0131\u011f\u0131n\u0131z \u00f6deme y\u00f6nteminin ayn\u0131s\u0131n\u0131 kullanaca\u011f\u0131z ve bu t\u00fcr bir geri \u00f6deme i\u00e7in herhangi bir \u00fccret \u00f6demeyeceksiniz.<\/p>\n\n\n\n<p>\u0130ade Ko\u015fullar\u0131<\/p>\n\n\n\n<p>Mallar\u0131n iadeye uygun olmas\u0131 i\u00e7in l\u00fctfen \u015funlardan emin olun:<\/p>\n\n\n\n<p>\u2022 Mallar son 14 g\u00fcn i\u00e7inde sat\u0131n al\u0131nd\u0131<\/p>\n\n\n\n<p>\u2022 Mallar orijinal ambalaj\u0131ndad\u0131r<\/p>\n\n\n\n<p>A\u015fa\u011f\u0131daki Mallar iade edilemez:<\/p>\n\n\n\n<p>\u2022 Spesifikasyonlar\u0131n\u0131za g\u00f6re veya a\u00e7\u0131k\u00e7a ki\u015fiselle\u015ftirilmi\u015f Mallar\u0131n tedariki.<\/p>\n\n\n\n<p>\u2022 Niteli\u011fi gere\u011fi iade edilmeye uygun olmayan, h\u0131zla bozulan veya son kullanma tarihi ge\u00e7en Mallar\u0131n tedari\u011fi.<\/p>\n\n\n\n<p>\u2022 Sa\u011fl\u0131\u011f\u0131n korunmas\u0131 veya hijyen nedeniyle iadeye uygun olmayan ve teslimattan sonra m\u00fchr\u00fc a\u00e7\u0131lm\u0131\u015f Mallar\u0131n tedariki.<\/p>\n\n\n\n<p>\u2022 Teslimattan sonra niteli\u011fine g\u00f6re di\u011fer kalemlerle ayr\u0131lmaz bir \u015fekilde kar\u0131\u015fan Mallar\u0131n tedariki.<\/p>\n\n\n\n<p>Tamamen kendi takdirimize ba\u011fl\u0131 olarak, yukar\u0131daki iade ko\u015fullar\u0131n\u0131 kar\u015f\u0131lamayan herhangi bir \u00fcr\u00fcn\u00fcn iadesini reddetme hakk\u0131m\u0131z sakl\u0131d\u0131r.<\/p>\n\n\n\n<p>Yaln\u0131zca normal fiyatl\u0131 \u00dcr\u00fcnler iade edilebilir. Ne yaz\u0131k ki, \u0130ndirimdeki \u00fcr\u00fcnler iade edilemez. Bu hari\u00e7 tutma, ge\u00e7erli yasalar taraf\u0131ndan izin verilmedi\u011fi takdirde Sizin i\u00e7in ge\u00e7erli olmayabilir.<\/p>\n\n\n\n<p>Mallar\u0131n \u0130adesi<\/p>\n\n\n\n<p>Mallar\u0131 Bize iade etmenin maliyetinden ve riskinden siz sorumlusunuz. Mallar\u0131 a\u015fa\u011f\u0131daki adrese g\u00f6ndermelisiniz:<\/p>\n\n\n\n<p>KAR\u015eIYAKA MAH. 584 SK. \u015e\u0130R\u0130NG\u00d6LK\u00d6Y S\u0130TES\u0130 NO: 2 \/9 G\u00d6LBA\u015eI\/ ANKARA<\/p>\n\n\n\n<p>\u0130ade sevkiyat\u0131nda hasar g\u00f6ren veya kaybolan Mallardan sorumlu tutulamay\u0131z. Bu nedenle, sigortal\u0131 ve izlenebilir bir posta hizmeti \u00f6neriyoruz. Mallar\u0131n fiili olarak al\u0131nmas\u0131 veya teslim al\u0131nan iade teslimat\u0131n\u0131n kan\u0131t\u0131 olmadan geri \u00f6deme yapamay\u0131z.<\/p>\n\n\n\n<p>Hediyeler<\/p>\n\n\n\n<p>\u00dcr\u00fcnler sat\u0131n al\u0131nd\u0131\u011f\u0131nda hediye olarak i\u015faretlendiyse ve ard\u0131ndan do\u011frudan size g\u00f6nderildiyse, iadenizin de\u011feri kadar bir hediye kredisi al\u0131rs\u0131n\u0131z. \u0130ade edilen \u00fcr\u00fcn taraf\u0131m\u0131za ula\u015ft\u0131ktan sonra taraf\u0131n\u0131za hediye \u00e7eki g\u00f6nderilecektir.<\/p>\n\n\n\n<p>Mallar sat\u0131n al\u0131nd\u0131\u011f\u0131nda hediye olarak i\u015faretlenmemi\u015fse veya hediyeyi veren, Sipari\u015fi size daha sonra vermek \u00fczere kendisine g\u00f6ndermi\u015fse, geri \u00f6demeyi hediye verene g\u00f6ndeririz.<\/p>\n\n\n\n<p>Bize Ula\u015f\u0131n<\/p>\n\n\n\n<p>\u0130ade ve Para \u0130adesi Politikam\u0131z hakk\u0131nda herhangi bir sorunuz varsa, l\u00fctfen bizimle ileti\u015fime ge\u00e7in:<\/p>\n\n\n\n<p>E-posta ile: hello@icardme.com<\/p>\n\n\n\n<p>Web sitemizde bu sayfay\u0131 ziyaret ederek: https:\/\/icardme.com<\/p>\n","protected":false},"excerpt":{"rendered":"<p>Son g\u00fcncelleme: 14 Eyl\u00fcl 2022 iCardMe&#8217;den al\u0131\u015fveri\u015f yapt\u0131\u011f\u0131n\u0131z i\u00e7in te\u015fekk\u00fcr ederiz. Herhangi bir nedenle bir sat\u0131n alma i\u015fleminden tamamen memnun kalmazsan\u0131z, Sizi geri \u00f6demeler ve iadelerle<span class=\"excerpt-hellip\"> [\u2026]<\/span><\/p>\n","protected":false},"author":1,"featured_media":0,"parent":0,"menu_order":0,"comment_status":"closed","ping_status":"closed","template":"","meta":{"_uag_custom_page_level_css":"","footnotes":""},"jetpack_sharing_enabled":true,"uagb_featured_image_src":{"full":false,"thumbnail":false,"medium":false,"medium_large":false,"large":false,"1536x1536":false,"2048x2048":false,"be_thumbnail":false,"be_clients":false,"slider-content":false,"portfolio-mf":false,"portfolio-mf-w":false,"portfolio-mf-t":false,"portfolio-list":false,"blog-portfolio":false,"blog-single":false,"mobile-srcset":false,"woocommerce_thumbnail":false,"woocommerce_single":false,"woocommerce_gallery_thumbnail":false},"uagb_author_info":{"display_name":"admin","author_link":"https:\/\/icardme.com\/get\/author\/admin\/"},"uagb_comment_info":0,"uagb_excerpt":"Son g\u00fcncelleme: 14 Eyl\u00fcl 2022 iCardMe&#8217;den al\u0131\u015fveri\u015f yapt\u0131\u011f\u0131n\u0131z i\u00e7in te\u015fekk\u00fcr ederiz. Herhangi bir nedenle bir sat\u0131n alma i\u015fleminden tamamen memnun kalmazsan\u0131z, Sizi geri \u00f6demeler ve iadelerle [\u2026]","_links":{"self":[{"href":"https:\/\/icardme.com\/get\/wp-json\/wp\/v2\/pages\/1252"}],"collection":[{"href":"https:\/\/icardme.com\/get\/wp-json\/wp\/v2\/pages"}],"about":[{"href":"https:\/\/icardme.com\/get\/wp-json\/wp\/v2\/types\/page"}],"author":[{"embeddable":true,"href":"https:\/\/icardme.com\/get\/wp-json\/wp\/v2\/users\/1"}],"replies":[{"embeddable":true,"href":"https:\/\/icardme.com\/get\/wp-json\/wp\/v2\/comments?post=1252"}],"version-history":[{"count":1,"href":"https:\/\/icardme.com\/get\/wp-json\/wp\/v2\/pages\/1252\/revisions"}],"predecessor-version":[{"id":1253,"href":"https:\/\/icardme.com\/get\/wp-json\/wp\/v2\/pages\/1252\/revisions\/1253"}],"wp:attachment":[{"href":"https:\/\/icardme.com\/get\/wp-json\/wp\/v2\/media?parent=1252"}],"curies":[{"name":"wp","href":"https:\/\/api.w.org\/{rel}","templated":true}]}}