{"id":1250,"date":"2022-09-14T12:08:54","date_gmt":"2022-09-14T12:08:54","guid":{"rendered":"https:\/\/icardme.com\/get\/?page_id=1250"},"modified":"2022-09-14T12:08:56","modified_gmt":"2022-09-14T12:08:56","slug":"gizlilik-politikasi","status":"publish","type":"page","link":"https:\/\/icardme.com\/get\/gizlilik-politikasi\/","title":{"rendered":"G\u0130ZL\u0130L\u0130K POL\u0130T\u0130KASI"},"content":{"rendered":"\n<p>G\u0130ZL\u0130L\u0130\u011e\u0130N\u0130Z B\u0130Z\u0130M \u0130\u00c7\u0130N \u00d6NEML\u0130D\u0130R<\/p>\n\n\n\n<p>\u0130CardMe.com \u015fu adreste bulunur: <\/p>\n\n\n\n<p>KAR\u015eIYAKA MAH. 584 SK. \u015e\u0130R\u0130NG\u00d6LK\u00d6Y S\u0130TES\u0130 NO: 2 \/9<br>G\u00d6LBA\u015eI\/ ANKARA<\/p>\n\n\n\n<p>Web sitemizi \u00e7al\u0131\u015ft\u0131r\u0131rken toplayabilece\u011fimiz herhangi bir bilgiyle ilgili gizlili\u011finize sayg\u0131 g\u00f6stermek \u0130CardMe\u2019in politikas\u0131d\u0131r.&nbsp;Bu Gizlilik Politikas\u0131,&nbsp;<a href=\"http:\/\/equesarcis.com\/\">iCardMe.com<\/a>&nbsp;(bundan b\u00f6yle \u201cbize\u201d, \u201cbiz\u201d veya \u201ciCardMe.com\u201d olarak an\u0131lacakt\u0131r) i\u00e7in ge\u00e7erlidir.&nbsp;Gizlili\u011finize sayg\u0131 duyuyoruz ve Web Sitesi arac\u0131l\u0131\u011f\u0131yla bize sa\u011flayabilece\u011finiz ki\u015fisel olarak tan\u0131mlanabilir bilgileri korumay\u0131 taahh\u00fct ediyoruz.&nbsp;Web sitemizde hangi bilgilerin toplanabilece\u011fini, bu bilgileri nas\u0131l kulland\u0131\u011f\u0131m\u0131z\u0131 ve bilgileri hangi durumlarda \u00fc\u00e7\u00fcnc\u00fc \u015fah\u0131slara if\u015fa edebilece\u011fimizi a\u00e7\u0131klamak i\u00e7in bu gizlilik politikas\u0131n\u0131 (\u201cGizlilik Politikas\u0131\u201d) benimsedik.&nbsp;Bu Gizlilik Politikas\u0131 yaln\u0131zca Web Sitesi arac\u0131l\u0131\u011f\u0131yla toplad\u0131\u011f\u0131m\u0131z bilgiler i\u00e7in ge\u00e7erlidir ve di\u011fer kaynaklardan bilgi toplamam\u0131z i\u00e7in ge\u00e7erli de\u011fildir.<\/p>\n\n\n\n<p>Bu Gizlilik Politikas\u0131, Web Sitemizde yay\u0131nlanan hizmet Ko\u015fullar\u0131 ile birlikte Web Sitemizi kullan\u0131m\u0131n\u0131z\u0131 y\u00f6neten genel kurallar\u0131 ve politikalar\u0131 ortaya koymaktad\u0131r.&nbsp;Web sitemizi ziyaret ederken yapt\u0131\u011f\u0131n\u0131z faaliyetlere ba\u011fl\u0131 olarak, ek hizmet \u015fartlar\u0131n\u0131 kabul etmeniz gerekebilir.<\/p>\n\n\n\n<p>WEB S\u0130TES\u0130 Z\u0130YARET\u00c7\u0130LER\u0130<\/p>\n\n\n\n<p>\u00c7o\u011fu web sitesi operat\u00f6r\u00fc gibi, \u0130CardMe, taray\u0131c\u0131 t\u00fcr\u00fc, dil tercihi, y\u00f6nlendiren site ve her ziyaret\u00e7i talebinin tarihi ve saati gibi web taray\u0131c\u0131lar\u0131n\u0131n ve sunucular\u0131n tipik olarak sundu\u011fu t\u00fcrde ki\u015fisel olarak tan\u0131mlay\u0131c\u0131 olmayan bilgileri toplar. Ki\u015fisel olarak tan\u0131mlay\u0131c\u0131 olmayan bilgilerin toplanmas\u0131ndaki ama\u00e7, \u0130CardMe\u2019in ziyaret\u00e7ilerinin web sitesini nas\u0131l kulland\u0131\u011f\u0131n\u0131 daha iyi anlamakt\u0131r.&nbsp;Zaman zaman \u0130CardMe, ki\u015fisel olarak tan\u0131mlay\u0131c\u0131 olmayan bilgileri toplu olarak yay\u0131nlayabilir, \u00f6rne\u011fin, web sitesinin kullan\u0131m\u0131ndaki e\u011filimler hakk\u0131nda bir rapor yay\u0131nlayarak.<\/p>\n\n\n\n<p>\u0130CardMe, oturum a\u00e7m\u0131\u015f kullan\u0131c\u0131lar ve http:\/\/iCardMe.com blog yay\u0131nlar\u0131na yorum b\u0131rakan kullan\u0131c\u0131lar i\u00e7in \u0130nternet Protokol\u00fc (IP) adresleri gibi potansiyel olarak ki\u015fisel olarak tan\u0131mlay\u0131c\u0131 bilgileri de toplar.&nbsp;\u0130CardMe, yaln\u0131zca oturum a\u00e7m\u0131\u015f kullan\u0131c\u0131 ve yorumcu IP adreslerini, a\u015fa\u011f\u0131da a\u00e7\u0131klanan ki\u015fisel olarak tan\u0131mlay\u0131c\u0131 bilgileri kulland\u0131\u011f\u0131 ve if\u015fa etti\u011fi ko\u015fullar alt\u0131nda if\u015fa eder.<\/p>\n\n\n\n<p>K\u0130\u015e\u0130SEL K\u0130ML\u0130K B\u0130LG\u0130LER\u0130N\u0130N TOPLANMASI<\/p>\n\n\n\n<p>\u0130CardMe\u2019in web sitelerinin baz\u0131 ziyaret\u00e7ileri, \u0130CardMe ile ki\u015fisel olarak tan\u0131mlay\u0131c\u0131 bilgiler toplamas\u0131n\u0131 gerektiren \u015fekillerde etkile\u015fim kurmay\u0131 se\u00e7erler.&nbsp;\u0130CardMe\u2019in toplad\u0131\u011f\u0131 bilgi miktar\u0131 ve t\u00fcr\u00fc, etkile\u015fimin do\u011fas\u0131na ba\u011fl\u0131d\u0131r.&nbsp;\u00d6rne\u011fin, http:\/\/iCardMe.com adresinde bir bloga kaydolan ziyaret\u00e7ilerden bir kullan\u0131c\u0131 ad\u0131 ve e-posta adresi sa\u011flamalar\u0131n\u0131 istiyoruz.<\/p>\n\n\n\n<p>G\u00dcVENL\u0130K<\/p>\n\n\n\n<p>Ki\u015fisel Bilgilerinizin g\u00fcvenli\u011fi bizim i\u00e7in \u00f6nemlidir, ancak \u0130nternet \u00fczerinden hi\u00e7bir aktar\u0131m y\u00f6nteminin veya elektronik depolama y\u00f6nteminin% 100 g\u00fcvenli olmad\u0131\u011f\u0131n\u0131 unutmay\u0131n.&nbsp;Ki\u015fisel Bilgilerinizi korumak i\u00e7in ticari olarak kabul edilebilir y\u00f6ntemler kullanmaya \u00e7abalarken, mutlak g\u00fcvenli\u011fini garanti edemeyiz.<\/p>\n\n\n\n<p>REKLAMLAR<\/p>\n\n\n\n<p>Web sitemizde g\u00f6r\u00fcnen reklamlar, \u00e7erezleri ayarlayabilen reklam ortaklar\u0131 taraf\u0131ndan kullan\u0131c\u0131lara ula\u015ft\u0131r\u0131labilir.&nbsp;Bu tan\u0131mlama bilgileri, reklam sunucusunun, sizin veya bilgisayar\u0131n\u0131z\u0131 kullanan di\u011fer ki\u015filerle ilgili bilgileri derlemek i\u00e7in size her \u00e7evrimi\u00e7i reklam g\u00f6nderdiklerinde bilgisayar\u0131n\u0131z\u0131 tan\u0131mas\u0131na olanak tan\u0131r.&nbsp;Bu bilgiler, di\u011fer \u015feylerin yan\u0131 s\u0131ra, reklam a\u011flar\u0131n\u0131n sizi en \u00e7ok ilgilendirece\u011fine inand\u0131klar\u0131 hedefli reklamlar sunmas\u0131na olanak tan\u0131r.&nbsp;Bu Gizlilik Politikas\u0131, \u0130CardMe taraf\u0131ndan \u00e7erez kullan\u0131m\u0131n\u0131 kapsar ve \u00e7erezlerin herhangi bir reklamveren taraf\u0131ndan kullan\u0131m\u0131n\u0131 kapsamaz.<\/p>\n\n\n\n<p>DI\u015e S\u0130TELERE BA\u011eLANTILAR<\/p>\n\n\n\n<p>Hizmetimiz, taraf\u0131m\u0131zca i\u015fletilmeyen harici sitelere ba\u011flant\u0131lar i\u00e7erebilir.&nbsp;Bir \u00fc\u00e7\u00fcnc\u00fc \u015fah\u0131s ba\u011flant\u0131s\u0131na t\u0131klarsan\u0131z, o \u00fc\u00e7\u00fcnc\u00fc \u015fahs\u0131n sitesine y\u00f6nlendirileceksiniz.&nbsp;Ziyaret etti\u011finiz her sitenin Gizlilik Politikas\u0131n\u0131 ve hizmet \u015fartlar\u0131n\u0131 incelemenizi \u015fiddetle tavsiye ederiz.<\/p>\n\n\n\n<p>\u00dc\u00e7\u00fcnc\u00fc taraf sitelerin, \u00fcr\u00fcnlerin veya hizmetlerin i\u00e7eri\u011fi, gizlilik politikalar\u0131 veya uygulamalar\u0131 \u00fczerinde hi\u00e7bir kontrol\u00fcm\u00fcz yoktur ve sorumluluk kabul etmiyoruz.<\/p>\n\n\n\n<p>BEL\u0130RL\u0130 K\u0130\u015e\u0130SEL TANIMLAYICI B\u0130LG\u0130LER\u0130N KORUNMASI<\/p>\n\n\n\n<p>\u0130CardMe, potansiyel olarak ki\u015fisel olarak tan\u0131mlay\u0131c\u0131 ve ki\u015fisel olarak tan\u0131mlay\u0131c\u0131 bilgileri, yaln\u0131zca (i) \u0130CardMe ad\u0131na i\u015flemek veya \u0130CardMe\u2019in web sitesinde sunulan hizmetleri sa\u011flamak i\u00e7in bu bilgileri bilmesi gereken \u00e7al\u0131\u015fanlar\u0131na, y\u00fcklenicilerine ve ba\u011fl\u0131 kurulu\u015flar\u0131na a\u00e7\u0131klar. ve (ii) ba\u015fkalar\u0131na if\u015fa etmemeyi kabul edenler.&nbsp;Bu \u00e7al\u0131\u015fanlar\u0131n, y\u00fcklenicilerin ve ba\u011fl\u0131 kurulu\u015flar\u0131n baz\u0131lar\u0131 kendi \u00fclkenizin d\u0131\u015f\u0131nda olabilir;&nbsp;\u0130CardMe web sitesini kullanarak, bu t\u00fcr bilgilerin onlara aktar\u0131lmas\u0131na onay vermi\u015f olursunuz.&nbsp;\u0130CardMe, potansiyel olarak ki\u015fisel olarak tan\u0131mlay\u0131c\u0131 ve ki\u015fisel olarak tan\u0131mlay\u0131c\u0131 bilgileri kimseye kiralamayacak veya satmayacakt\u0131r.&nbsp;Yukar\u0131da a\u00e7\u0131klanan \u00e7al\u0131\u015fanlar\u0131, y\u00fcklenicileri ve ba\u011fl\u0131 kurulu\u015flar\u0131 haricinde,<\/p>\n\n\n\n<p>Http:\/\/iCardMe.com adresinin kay\u0131tl\u0131 bir kullan\u0131c\u0131s\u0131ysan\u0131z ve e-posta adresinizi verdiyseniz, \u0130CardMe size zaman zaman yeni \u00f6zellikler hakk\u0131nda bilgi vermek, geri bildiriminizi istemek veya sadece neler olup bitti\u011finden haberdar olmak i\u00e7in bir e-posta g\u00f6nderebilir \u0130CardMe ve \u00fcr\u00fcnlerimizle devam edin.&nbsp;\u00d6ncelikle bu t\u00fcr bilgileri iletmek i\u00e7in blogumuzu kullan\u0131yoruz, bu nedenle bu t\u00fcr e-postalar\u0131 minimumda tutmay\u0131 umuyoruz.&nbsp;Bize bir istek g\u00f6nderirseniz (\u00f6rne\u011fin, bir destek e-postas\u0131 yoluyla veya geri bildirim mekanizmalar\u0131m\u0131zdan biri arac\u0131l\u0131\u011f\u0131yla), iste\u011finizi netle\u015ftirmemize veya yan\u0131tlamam\u0131za veya di\u011fer kullan\u0131c\u0131lar\u0131 desteklememize yard\u0131mc\u0131 olmas\u0131 i\u00e7in bunu yay\u0131nlama hakk\u0131n\u0131 sakl\u0131 tutar\u0131z.&nbsp;\u0130CardMe, potansiyel olarak ki\u015fisel olarak tan\u0131mlay\u0131c\u0131 ve ki\u015fisel olarak tan\u0131mlay\u0131c\u0131 bilgilere yetkisiz eri\u015fim, kullan\u0131m, de\u011fi\u015fiklik veya imhaya kar\u015f\u0131 koruma sa\u011flamak i\u00e7in makul olarak gerekli t\u00fcm \u00f6nlemleri al\u0131r.<\/p>\n\n\n\n<p>TOPLU \u0130STAT\u0130ST\u0130KLER<\/p>\n\n\n\n<p>\u0130CardMe, web sitesine gelen ziyaret\u00e7ilerin davran\u0131\u015flar\u0131 hakk\u0131nda istatistikler toplayabilir.&nbsp;\u0130CardMe, bu bilgileri herkese a\u00e7\u0131k olarak g\u00f6sterebilir veya ba\u015fkalar\u0131na sa\u011flayabilir.&nbsp;Bununla birlikte, \u0130CardMe ki\u015fisel olarak tan\u0131mlay\u0131c\u0131 bilgilerinizi if\u015fa etmez.<\/p>\n\n\n\n<p>\u00c7EREZLER<\/p>\n\n\n\n<p>\u0130CardMe, \u00e7evrimi\u00e7i deneyiminizi zenginle\u015ftirmek ve m\u00fckemmelle\u015ftirmek i\u00e7in ki\u015fiselle\u015ftirilmi\u015f i\u00e7eri\u011fi g\u00f6r\u00fcnt\u00fclemek, uygun reklamlar\u0131 g\u00f6r\u00fcnt\u00fclemek ve tercihlerinizi bilgisayar\u0131n\u0131zda saklamak i\u00e7in ba\u015fkalar\u0131 taraf\u0131ndan sa\u011flanan \u201cTan\u0131mlama Bilgileri\u201d, benzer teknolojileri ve hizmetleri kullan\u0131r.<\/p>\n\n\n\n<p>\u00c7erez, bir web sitesinin bir ziyaret\u00e7inin bilgisayar\u0131nda saklad\u0131\u011f\u0131 ve ziyaret\u00e7inin taray\u0131c\u0131s\u0131n\u0131n ziyaret\u00e7inin her geri d\u00f6nd\u00fc\u011f\u00fcnde web sitesine sa\u011flad\u0131\u011f\u0131 bir bilgi dizisidir.&nbsp;\u0130CardMe, \u0130CardMe\u2019in ziyaret\u00e7ileri, http:\/\/iCardMe.com kullan\u0131mlar\u0131n\u0131 ve web sitesi eri\u015fim tercihlerini tan\u0131mlamas\u0131na ve izlemesine yard\u0131mc\u0131 olmak i\u00e7in tan\u0131mlama bilgileri kullan\u0131r.&nbsp;\u0130CardMe ziyaret\u00e7ileri, bilgisayarlar\u0131na \u00e7erez yerle\u015ftirilmesini istemeyen \u0130CardMe web sitelerinin baz\u0131 \u00f6zelliklerinin \u00e7erezlerin yard\u0131m\u0131 olmadan d\u00fczg\u00fcn \u00e7al\u0131\u015fmamas\u0131 dezavantaj\u0131yla birlikte, taray\u0131c\u0131lar\u0131n\u0131 \u0130CardMe\u2019in web sitelerini kullanmadan \u00f6nce \u00e7erezleri reddedecek \u015fekilde ayarlamal\u0131d\u0131r.<\/p>\n\n\n\n<p>\u00c7erez ayarlar\u0131n\u0131z\u0131 de\u011fi\u015ftirmeden web sitemizde gezinmeye devam ederek, \u0130CardMe\u2019in \u00e7erez kullan\u0131m\u0131n\u0131 kabul etmi\u015f olursunuz.<\/p>\n\n\n\n<p>E-T\u0130CARET<\/p>\n\n\n\n<p>\u0130CardMe ile i\u015flem yapanlardan \u2013 \u0130CardMe\u2019in hizmetlerini veya \u00fcr\u00fcnlerini sat\u0131n alarak, bu i\u015flemleri ger\u00e7ekle\u015ftirmek i\u00e7in gereken ki\u015fisel ve mali bilgiler de dahil olmak \u00fczere ek bilgiler sa\u011flamalar\u0131 istenir.&nbsp;Her durumda, \u0130CardMe bu t\u00fcr bilgileri yaln\u0131zca ziyaret\u00e7inin \u0130CardMe ile etkile\u015fiminin amac\u0131n\u0131 ger\u00e7ekle\u015ftirmek i\u00e7in gerekli veya uygun oldu\u011fu \u00f6l\u00e7\u00fcde toplar.&nbsp;\u0130CardMe, a\u015fa\u011f\u0131da a\u00e7\u0131klananlar d\u0131\u015f\u0131nda ki\u015fisel olarak tan\u0131mlay\u0131c\u0131 bilgileri if\u015fa etmez.&nbsp;Ziyaret\u00e7iler, web sitesiyle ilgili belirli faaliyetlerde bulunmalar\u0131n\u0131 engelleyebilece\u011fi uyar\u0131s\u0131yla, ki\u015fisel olarak tan\u0131mlay\u0131c\u0131 bilgileri vermeyi her zaman reddedebilir.<\/p>\n\n\n\n<p>G\u0130ZL\u0130L\u0130K POL\u0130T\u0130KASI DE\u011e\u0130\u015e\u0130KL\u0130KLER\u0130<\/p>\n\n\n\n<p>De\u011fi\u015fikliklerin \u00e7o\u011funun k\u00fc\u00e7\u00fck olma olas\u0131l\u0131\u011f\u0131 y\u00fcksek olsa da, \u0130CardMe Gizlilik Politikas\u0131n\u0131 zaman zaman ve \u0130CardMe\u2019in takdirine ba\u011fl\u0131 olarak de\u011fi\u015ftirebilir.&nbsp;\u0130CardMe, Gizlilik Politikas\u0131nda yap\u0131lacak herhangi bir de\u011fi\u015fiklik i\u00e7in ziyaret\u00e7ileri bu sayfay\u0131 s\u0131k s\u0131k kontrol etmeye te\u015fvik eder.&nbsp;Bu Gizlilik Politikas\u0131ndaki herhangi bir de\u011fi\u015fiklikten sonra bu siteyi kullanmaya devam etmeniz, bu de\u011fi\u015fikli\u011fi kabul etti\u011finiz anlam\u0131na gelecektir.<\/p>\n","protected":false},"excerpt":{"rendered":"<p>G\u0130ZL\u0130L\u0130\u011e\u0130N\u0130Z B\u0130Z\u0130M \u0130\u00c7\u0130N \u00d6NEML\u0130D\u0130R \u0130CardMe.com \u015fu adreste bulunur: KAR\u015eIYAKA MAH. 584 SK. \u015e\u0130R\u0130NG\u00d6LK\u00d6Y S\u0130TES\u0130 NO: 2 \/9G\u00d6LBA\u015eI\/ ANKARA Web sitemizi \u00e7al\u0131\u015ft\u0131r\u0131rken toplayabilece\u011fimiz herhangi bir bilgiyle ilgili<span class=\"excerpt-hellip\"> [\u2026]<\/span><\/p>\n","protected":false},"author":1,"featured_media":0,"parent":0,"menu_order":0,"comment_status":"closed","ping_status":"closed","template":"","meta":{"_uag_custom_page_level_css":"","footnotes":""},"jetpack_sharing_enabled":true,"uagb_featured_image_src":{"full":false,"thumbnail":false,"medium":false,"medium_large":false,"large":false,"1536x1536":false,"2048x2048":false,"be_thumbnail":false,"be_clients":false,"slider-content":false,"portfolio-mf":false,"portfolio-mf-w":false,"portfolio-mf-t":false,"portfolio-list":false,"blog-portfolio":false,"blog-single":false,"mobile-srcset":false,"woocommerce_thumbnail":false,"woocommerce_single":false,"woocommerce_gallery_thumbnail":false},"uagb_author_info":{"display_name":"admin","author_link":"https:\/\/icardme.com\/get\/author\/admin\/"},"uagb_comment_info":0,"uagb_excerpt":"G\u0130ZL\u0130L\u0130\u011e\u0130N\u0130Z B\u0130Z\u0130M \u0130\u00c7\u0130N \u00d6NEML\u0130D\u0130R \u0130CardMe.com \u015fu adreste bulunur: KAR\u015eIYAKA MAH. 584 SK. \u015e\u0130R\u0130NG\u00d6LK\u00d6Y S\u0130TES\u0130 NO: 2 \/9G\u00d6LBA\u015eI\/ ANKARA Web sitemizi \u00e7al\u0131\u015ft\u0131r\u0131rken toplayabilece\u011fimiz herhangi bir bilgiyle ilgili [\u2026]","_links":{"self":[{"href":"https:\/\/icardme.com\/get\/wp-json\/wp\/v2\/pages\/1250"}],"collection":[{"href":"https:\/\/icardme.com\/get\/wp-json\/wp\/v2\/pages"}],"about":[{"href":"https:\/\/icardme.com\/get\/wp-json\/wp\/v2\/types\/page"}],"author":[{"embeddable":true,"href":"https:\/\/icardme.com\/get\/wp-json\/wp\/v2\/users\/1"}],"replies":[{"embeddable":true,"href":"https:\/\/icardme.com\/get\/wp-json\/wp\/v2\/comments?post=1250"}],"version-history":[{"count":1,"href":"https:\/\/icardme.com\/get\/wp-json\/wp\/v2\/pages\/1250\/revisions"}],"predecessor-version":[{"id":1251,"href":"https:\/\/icardme.com\/get\/wp-json\/wp\/v2\/pages\/1250\/revisions\/1251"}],"wp:attachment":[{"href":"https:\/\/icardme.com\/get\/wp-json\/wp\/v2\/media?parent=1250"}],"curies":[{"name":"wp","href":"https:\/\/api.w.org\/{rel}","templated":true}]}}