{"id":1248,"date":"2022-09-14T12:06:20","date_gmt":"2022-09-14T12:06:20","guid":{"rendered":"https:\/\/icardme.com\/get\/?page_id=1248"},"modified":"2022-09-14T12:06:23","modified_gmt":"2022-09-14T12:06:23","slug":"uyelik-sozlesmesi","status":"publish","type":"page","link":"https:\/\/icardme.com\/get\/uyelik-sozlesmesi\/","title":{"rendered":"\u00dcYEL\u0130K S\u00d6ZLE\u015eMES\u0130"},"content":{"rendered":"\n<ol type=\"1\"><li><strong>Sitenin Tan\u0131m\u0131<\/strong><\/li><\/ol>\n\n\n\n<p><a href=\"http:\/\/www.lesbenjamins.com\/\">www.\u0130CardMe.com<\/a>&nbsp;internet sitesi, Kar\u015f\u0131yaka Mahallesi 584. Sokak \u015eiring\u00f6lk\u00f6y Sitesi no: 2\/9 G\u00f6lba\u015f\u0131 Ankara&nbsp;adresinde faaliyetlerini y\u00fcr\u00fcten bir \u00fcr\u00fcn pazarlama ve online sat\u0131\u015f sitesidir.<\/p>\n\n\n\n<ul><li><strong>S\u00f6zle<\/strong><strong>\u015f<\/strong><strong>menin Konusu<\/strong><\/li><\/ul>\n\n\n\n<p><br>\u0130\u015fbu \u00dcyelik S\u00f6zle\u015fmesi\u2019nin (\u201c<strong>S\u00f6zle<\/strong><strong>\u015f<\/strong><strong>me<\/strong>\u201d) konusu \u0130CardMe\u2019in sahip oldu\u011fu internet sitesi&nbsp;&nbsp;&nbsp;www.\u0130CardMe.com\u2019un&nbsp;kullan\u0131m ko\u015fullar\u0131n\u0131n belirlenmesi ve www.\u0130CardMe.com\u2019dan faydalanmak i\u00e7in \u00fcyelik kayd\u0131 ger\u00e7ekle\u015ftiren ki\u015finin (\u201c<strong>\u00dcye\u201d<\/strong>) \u00fcyeli\u011fine ili\u015fkin h\u00fck\u00fcm ve \u015fartlar\u0131n belirlenmesidir.&nbsp;<\/p>\n\n\n\n<ul><li><strong>Hak ve Y\u00fck\u00fcml\u00fcl\u00fckler<\/strong><\/li><li>\u00dcye,&nbsp;www.\u0130CardMe.com&nbsp;&nbsp;&nbsp;internet sitesine \u00fcye olurken verdi\u011fi ki\u015fisel ve di\u011fer sair bilgilerin kanunlar \u00f6n\u00fcnde do\u011fru ve tam oldu\u011funu beyan ve taahh\u00fct eder.<\/li><li>\u00dcye, www.\u0130CardMe.com&nbsp;&nbsp;&nbsp;internet sitesine \u00fcye olurken belirledi\u011fi \u015fifreyi ba\u015fka ki\u015fi ya da kurulu\u015flara veremez, \u00dcyenin s\u00f6z konusu \u015fifreyi kullanma hakk\u0131 bizzat kendisine aittir.<\/li><li>\u00dcye,&nbsp;www.\u0130CardMe.com&nbsp;internet sitesini kullan\u0131rken t\u00fcm yasal mevzuat h\u00fck\u00fcmlerine uymay\u0131 ve bunlar\u0131 ihlal etmemeyi ba\u015ftan kabul ve taahh\u00fct eder.<\/li><li>\u00dcye,&nbsp;www.\u0130CardMe.com&nbsp;internet sitesini hi\u00e7bir \u015fekilde kamu d\u00fczenini bozucu, genel ahlaka ayk\u0131r\u0131, ba\u015fkalar\u0131n\u0131 rahats\u0131z ve taciz edici \u015fekilde, yasalara ayk\u0131r\u0131 bir ama\u00e7 i\u00e7in, ba\u015fkalar\u0131n\u0131n fikri ve telif haklar\u0131na tecav\u00fcz edecek \u015fekilde kullanamaz. Ayr\u0131ca \u00dcye, ba\u015fkalar\u0131n\u0131n hizmetleri kullanmas\u0131n\u0131 \u00f6nleyici veya zorla\u015ft\u0131r\u0131c\u0131 faaliyet (spam, vir\u00fcs, truva at\u0131, vb.) ve i\u015flemlerde bulunamaz.<\/li><li>\u0130CardMe, \u00dcye verilerinin yetkisiz ki\u015filerce okunmas\u0131ndan ve \u00dcye yaz\u0131l\u0131m ve verilerine gelebilecek zararlardan dolay\u0131 sorumlu olmayacakt\u0131r. \u00dcye,&nbsp;www.\u0130CardMe.com&nbsp;&nbsp;&nbsp;internet sitesinin kullan\u0131lmas\u0131ndan dolay\u0131 u\u011frayabilece\u011fi herhangi bir zarar y\u00fcz\u00fcnden \u0130CardMe\u2019den tazminat talep etmemeyi pe\u015finen kabul etmi\u015ftir.<\/li><li>\u00dcye, di\u011fer internet kullan\u0131c\u0131lar\u0131n\u0131n yaz\u0131l\u0131mlar\u0131na ve verilerine izinsiz olarak ula\u015fmamay\u0131 veya bunlar\u0131 kullanmamay\u0131 kabul etmi\u015ftir.<\/li><li>Eque sArcis\u2019in her zaman tek tarafl\u0131 olarak gerekti\u011finde \u00dcyenin \u00fcyeli\u011fini silme, m\u00fc\u015fteriye ait dosya, belge ve bilgileri silme hakk\u0131 vard\u0131r. \u00dcye i\u015fbu tasarrufu \u00f6nceden kabul eder.<\/li><li>\u0130CardMe.com internet sitesi yaz\u0131l\u0131m ve tasar\u0131m\u0131 \u0130CardMe m\u00fclkiyetinde olup, bunlara ili\u015fkin telif hakk\u0131 ve\/veya di\u011fer fikri m\u00fclkiyet haklar\u0131 ilgili kanunlarca korunmakta olup, bunlar&nbsp;\u00dcye taraf\u0131ndan izinsiz kullan\u0131lamaz, kopyalanamaz ve de\u011fi\u015ftirilemez.<\/li><li>\u0130CardMe taraf\u0131ndan&nbsp;www.\u0130CardMe.com&nbsp;internet sitesinin iyile\u015ftirilmesi, geli\u015ftirilmesine y\u00f6nelik olarak ve\/veya yasal mevzuat \u00e7er\u00e7evesinde siteye eri\u015fmek i\u00e7in kullan\u0131lan internet servis sa\u011flay\u0131c\u0131s\u0131n\u0131n ad\u0131 ve internet protokol (IP) adresi, siteye eri\u015filen tarih ve saat, sitede bulunulan s\u0131rada eri\u015filen sayfalar ve siteye do\u011frudan ba\u011flan\u0131lmas\u0131n\u0131 sa\u011flayan web sitesinin Internet adresi gibi birtak\u0131m bilgiler toplanabilir.<\/li><li>\u0130CardMe kullan\u0131c\u0131lar\u0131na daha iyi hizmet sunmak, \u00fcr\u00fcnlerini ve hizmetlerini iyile\u015ftirmek, sitenin kullan\u0131m\u0131n\u0131 kolayla\u015ft\u0131rmak, kullan\u0131c\u0131lar\u0131n\u0131n \u00f6zel tercihlerine ve ilgi alanlar\u0131na y\u00f6nelik \u00e7al\u0131\u015fmalarda bulunmak i\u00e7in \u00dcyelerin ki\u015fisel bilgilerini kullanabilir. \u0130CardMe, \u00dcyenin&nbsp;www.\u0130CardMe.com&nbsp;internet sitesi \u00fczerinde yapt\u0131\u011f\u0131 hareketlerin kayd\u0131n\u0131 bulundurma hakk\u0131n\u0131 sakl\u0131 tutar.<\/li><li>\u0130CardMe kanunlara uygun \u015fekilde, her t\u00fcrl\u00fc \u00fcr\u00fcn ve hizmetlere ili\u015fkin tan\u0131t\u0131m, reklam, ileti\u015fim, promosyon, sat\u0131\u015f ve pazarlama amac\u0131yla, keza ma\u011faza kart\u0131, kredi kart\u0131 ve \u00fcyelik bilgilendirme, i\u015flem uygulamalar\u0131 i\u00e7in \u0130CardMe taraf\u0131ndan SMS\/k\u0131sa mesaj, anl\u0131k bildirim, otomatik arama, e-posta\/mail, sosyal medya, online ileti\u015fim a\u011flar\u0131 ve di\u011fer elektronik ileti\u015fim ara\u00e7lar\u0131 ile sosyal, ticari ve sair elektronik ileti\u015fimler yap\u0131labilir, \u00dcyelere ticari elektronik iletiler g\u00f6nderilebilir.<\/li><li>\u0130CardMe.com\u2019a&nbsp;\u00fcye olan ki\u015fi, y\u00fcr\u00fcrl\u00fckte bulunan ve\/veya y\u00fcr\u00fcrl\u00fc\u011fe al\u0131nacak uygulamalar kapsam\u0131nda \u0130CardMe i\u015ftiraki olan t\u00fcm \u015firketler taraf\u0131ndan&nbsp;kendisine \u00fcr\u00fcn ve hizmet tan\u0131t\u0131mlar\u0131, reklamlar, kampanyalar, avantajlar, anketler ve di\u011fer m\u00fc\u015fteri memnuniyeti uygulamalar\u0131 sunulmas\u0131na izin verdi\u011fini beyan ve kabul eder. &nbsp;\u00dcye, www.\u0130CardMe.com\u2019a \u00fcye olurken ve\/veya ba\u015fka yollarla ge\u00e7mi\u015fte vermi\u015f oldu\u011fu ve\/veya gelecekte verece\u011fi ki\u015fisel ve al\u0131\u015fveri\u015f bilgilerinin ve al\u0131\u015fveri\u015f ve\/veya t\u00fcketici davran\u0131\u015f bilgilerinin&nbsp;yukar\u0131daki ama\u00e7larla toplanmas\u0131na, \u0130CardMe i\u015ftiraki olan t\u00fcm \u015firketler ile payla\u015f\u0131lmas\u0131na, \u0130CardMe i\u015ftiraki olan t\u00fcm \u015firketler taraf\u0131ndan kullan\u0131lmas\u0131na ve ar\u015fivlenmesine izin verdi\u011fini beyan ve kabul eder. \u00dcye aksini bildirmedi\u011fi s\u00fcrece \u0130CardMe i\u015ftiraki olan t\u00fcm \u015firketlerin&nbsp;kendisi ile internet, telefon, SMS,&nbsp;vb. ileti\u015fim kanallar\u0131 kullanarak irtibata ge\u00e7mesine izin verdi\u011fini beyan ve kabul eder. \u00dcye yukar\u0131da bahsi ge\u00e7en bilgilerin toplanmas\u0131,&nbsp;payla\u015f\u0131lmas\u0131, kullan\u0131lmas\u0131, ar\u015fivlenmesi ve kendisine eri\u015filmesi nedeniyle do\u011frudan ve\/veya dolayl\u0131 maddi ve\/veya manevi menfi ve\/veya m\u00fcspet, velhas\u0131l herhangi bir zarara u\u011frad\u0131\u011f\u0131 konusunda talepte bulunmayaca\u011f\u0131n\u0131 ve \u0130CardMe i\u015ftiraki olan \u015firketleri sorumlu tutmayaca\u011f\u0131n\u0131 beyan ve kabul eder. \u00dcye veri payla\u015f\u0131m tercihlerini de\u011fi\u015ftirmek isterse, bu talebini \u0130CardMe\u2019in m\u00fc\u015fteri hizmetleri \u00e7a\u011fr\u0131 merkezlerine iletebilir.<\/li><li>\u0130CardMe web sitesinin vir\u00fcs ve benzeri ama\u00e7l\u0131 yaz\u0131l\u0131mlardan ar\u0131nd\u0131r\u0131lm\u0131\u015f olmas\u0131 i\u00e7in mevcut imkanlar dahilinde tedbir al\u0131nm\u0131\u015ft\u0131r. Bunun yan\u0131nda nihai g\u00fcvenli\u011fin sa\u011flanmas\u0131 i\u00e7in kullan\u0131c\u0131n\u0131n, kendi vir\u00fcs koruma sistemini tedarik etmesi ve gerekli korunmay\u0131 sa\u011flamas\u0131 gerekmektedir. Bu ba\u011flamda \u00dcye,\u0130CardMe web sitesine girmesiyle, kendi yaz\u0131l\u0131m ve i\u015fletim sistemlerinde olu\u015fabilecek t\u00fcm hata ve bunlar\u0131n do\u011frudan ya da dolayl\u0131 sonu\u00e7lar\u0131ndan kendisinin sorumlu oldu\u011funu kabul etmi\u015f say\u0131l\u0131r.<\/li><li>\u0130CardMe.com \u00fczerinde \u00dcyeler taraf\u0131ndan verilen bilgilerin ve i\u015flemlerin g\u00fcvenli\u011fi i\u00e7in gerekli \u00f6nlemler bilgi ve i\u015flemin mahiyetine g\u00f6re \u0130CardMe veya ilgili kurulu\u015f\u00e7a sistemlerde ve internet altyap\u0131s\u0131nda al\u0131nm\u0131\u015ft\u0131r. www.\u0130CardMe.com kullan\u0131mlar\u0131nda t\u00fcm kredi kart\u0131 i\u015flemleri ve onaylar\u0131 www.\u0130CardMe.com\u2019dan ba\u011f\u0131ms\u0131z olarak ilgili Banka ve benzeri Kart Kurulu\u015flar\u0131nca online olarak aralar\u0131nda ger\u00e7ekle\u015ftirilmektedir (Kredi kart\u0131 \u015fifresi gibi bilgiler \u0130CardMe taraf\u0131ndan g\u00f6r\u00fclmez ve kaydedilmez).www.\u0130CardMe.com\u2019da \u00fcyelik, \u00fcr\u00fcn\/hizmet sat\u0131n alma ve bilgi g\u00fcncelleme ama\u00e7l\u0131 girilen bilgiler, keza kredi kart\u0131 ve banka kartlar\u0131na ait hassas gizli bilgiler di\u011fer internet kullan\u0131c\u0131lar\u0131 taraf\u0131ndan g\u00f6r\u00fcnt\u00fclenemez.&nbsp;<\/li><li>\u0130CardMe, sitenin i\u00e7eri\u011fini diledi\u011fi zaman de\u011fi\u015ftirme, kullan\u0131c\u0131lara sa\u011flanan herhangi bir hizmeti de\u011fi\u015ftirme ya da sona erdirme veya \u0130CardMe web sitesinde kay\u0131tl\u0131 kullan\u0131c\u0131 bilgi ve verilerini silme hakk\u0131n\u0131 sakl\u0131 tutar.<\/li><li>\u0130CardMe, S\u00f6zle\u015fmenin ko\u015fullar\u0131n\u0131 hi\u00e7bir \u015fekil ve surette \u00f6n ihbara ve\/veya ihtara gerek kalmaks\u0131z\u0131n her zaman de\u011fi\u015ftirebilir, g\u00fcncelleyebilir veya iptal edebilir. De\u011fi\u015ftirilen, g\u00fcncellenen ya da y\u00fcr\u00fcrl\u00fckten kald\u0131r\u0131lan her h\u00fck\u00fcm, yay\u0131n tarihinde t\u00fcm \u00dcyeler bak\u0131m\u0131ndan h\u00fck\u00fcm ifade edecektir.<\/li><li>\u0130CardMe, i\u015fbu S\u00f6zle\u015fme uyar\u0131nca, \u00dcyelerinin kendisinde kay\u0131tl\u0131 elektronik posta adreslerine bilgilendirme mailleri ve cep telefonlar\u0131na bilgilendirme SMS\u2019leri g\u00f6nderme yetkisine sahip olmakla beraber, \u00dcye, i\u015fbu S\u00f6zle\u015fmeyi onaylamas\u0131yla beraber bilgilendirme maillerinin elektronik posta adresine ve bilgilendirme SMS\u2019lerinin cep telefonuna g\u00f6nderilmesini kabul etmi\u015f say\u0131lacakt\u0131r. \u00dcye mail ve\/veya SMS almaktan vazge\u00e7mek istemesi durumunda&nbsp;<a href=\"mailto:hello@\u0130CardMe.com\">hello@\u0130CardMe.com<\/a>&nbsp;adresine e-posta g\u00f6ndererek iptal edebilir.<\/li><li><strong>Fikri M\u00fclkiyet<\/strong><\/li><\/ul>\n\n\n\n<p>www.\u0130CardMe.com web sitesi, \u201c\u0130CardMe\u201d markas\u0131 ve logosu, \u0130CardMe taraf\u0131ndan olu\u015fturulan yahut olu\u015fturtulan her t\u00fcrl\u00fc marka, tasar\u0131m, logo, ticari takdim \u015fekli, slogan ve di\u011fer t\u00fcm i\u00e7eri\u011fin her t\u00fcrl\u00fc fikri m\u00fclkiyet hakk\u0131 \u0130CardMe\u2019in m\u00fclkiyetindedir. \u00dcye \u0130CardMe\u2019e ait herhangi bir fikri ve s\u0131nai m\u00fclkiyet haklar\u0131n\u0131 \u0130CardMe\u2019in izni olmaks\u0131z\u0131n kullanamaz, payla\u015famaz, da\u011f\u0131tamaz, sergileyemez, \u00e7o\u011faltamaz ve bunlardan t\u00fcremi\u015f \u00e7al\u0131\u015fmalar yapamaz. \u00dcye, www.\u0130CardMe.com web sitesinin b\u00fct\u00fcn\u00fc ya da bir k\u0131sm\u0131n\u0131 ba\u015fka bir ortamda \u0130CardMe\u2019in izni olmaks\u0131z\u0131n kullanamaz.<\/p>\n\n\n\n<ul><li><strong>Gizlilik ve Ki<\/strong><strong>\u015f<\/strong><strong>isel Verilerin Korunmas\u0131<\/strong><\/li><li>\u0130CardMe\u2019in veri gizlili\u011fi, ki\u015fisel verilerin korunmas\u0131 ve \u00e7erezler ile ilgili politikas\u0131na&nbsp;<strong>Ki<\/strong><strong>\u015f<\/strong><strong>isel Verilerin Korunmas\u0131 Ayd\u0131nlatma Metni ve Gizlilik ve \u00c7erez Politikas\u0131<\/strong>ndan ula\u015f\u0131labilir. \u00dcye taraf\u0131ndan web sitesine beyan edilen ve payla\u015f\u0131lmas\u0131na a\u00e7\u0131k r\u0131za g\u00f6sterilen ki\u015fisel veriler; s\u00f6zle\u015fmesel y\u00fck\u00fcml\u00fcl\u00fcklerin ifas\u0131 ve Ki\u015fisel Verilerin Korunmas\u0131 Ayd\u0131nlatma Metni ve Gizlilik ve \u00c7erez Politikas\u0131 metninde belirtilen ama\u00e7lar dahilinde toplan\u0131r, saklan\u0131r, i\u015flenir, kullan\u0131l\u0131r ve \u00fc\u00e7\u00fcnc\u00fc ki\u015filer ile payla\u015f\u0131labilir.<\/li><li>Ki\u015fisel Verilerin Korunmas\u0131 Ayd\u0131nlatma Metni ve Gizlilik ve \u00c7erez Politikas\u0131, i\u015fbu S\u00f6zle\u015fmenin eki ve ayr\u0131lmaz bir par\u00e7as\u0131d\u0131r.<\/li><li>Her \u00dcye, www.\u0130CardMe.com\u2019a \u00fcyelik kayd\u0131 yapmakla, \u0130CardMe\u2019in Ki\u015fisel Verilerin Korunmas\u0131 Ayd\u0131nlatma Metni ve Gizlilik ve \u00c7erez Politikas\u0131n\u0131 kabul etti\u011fini ve ki\u015fisel verilerin Ki\u015fisel Verilerin Korunmas\u0131 Ayd\u0131nlatma Metni ve Gizlilik ve \u00c7erez Politikas\u0131nda belirtilen \u015fekilde i\u015flenmesi, saklanmas\u0131, kullan\u0131lmas\u0131, kaydedilmesi ve muhafazas\u0131na izin ve onay verdi\u011fini kabul, beyan ve taahh\u00fct eder.<\/li><li><strong>Muhtelif H\u00fck\u00fcmler<\/strong><\/li><li>\u0130\u015fbu S\u00f6zle\u015fme \u00dcyenin \u00fcyeli\u011fini iptal etmesi veya \u0130CardMe taraf\u0131ndan \u00fcyeli\u011finin iptal edilmesine kadar y\u00fcr\u00fcrl\u00fckte kalacakt\u0131r. \u0130CardMe, \u00dcyenin S\u00f6zle\u015fmenin herhangi bir h\u00fckm\u00fcn\u00fc ihlal etmesi durumunda \u00dcyenin \u00fcyeli\u011fini iptal ederek S\u00f6zle\u015fmeyi tek tarafl\u0131 olarak feshedebilir.<\/li><li>\u0130\u015fbu S\u00f6zle\u015fmeye ili\u015fkin ihtilaflarda Ankara Merkez Mahkemeleri ve \u0130cra Daireleri yetkilidir.<\/li><li>\u00dcyenin, \u00fcyelik kayd\u0131 yapmas\u0131 \u00dcyenin bu S\u00f6zle\u015fmede yer alan t\u00fcm maddeleri okudu\u011fu ve kabul etti\u011fi anlam\u0131na gelir. \u0130\u015fbu S\u00f6zle\u015fme, \u00dcyenin \u00fcye olmas\u0131 an\u0131nda akdedilmi\u015f ve kar\u015f\u0131l\u0131kl\u0131 olarak y\u00fcr\u00fcrl\u00fc\u011fe girmi\u015f kabul edilir.<\/li><li>\u0130\u015fbu S\u00f6zle\u015fmenin esas\u0131n\u0131 te\u015fkil etmeyen herhangi bir maddesinin ge\u00e7ersiz k\u0131l\u0131nmas\u0131 S\u00f6zle\u015fmenin b\u00fct\u00fcn\u00fcne etki etmeyecek ve kalan maddeler y\u00fcr\u00fcrl\u00fckte kalmaya devam edecektir.<\/li><li>\u00dcyenin \u0130CardMe\u2019e bildirdi\u011fi elektronik posta adresi, i\u015fbu S\u00f6zle\u015fme ile ilgili olarak yap\u0131lacak her t\u00fcrl\u00fc bildirim i\u00e7in yasal kay\u0131tl\u0131 elektronik posta olarak kabul edilir.<\/li><li>Taraflar, \u0130CardMe\u2019e ait t\u00fcm bilgisayar kay\u0131tlar\u0131n\u0131n tek ve ger\u00e7ek m\u00fcnhas\u0131r delil olarak, 6100 say\u0131l\u0131 Hukuk Muhakemeleri Kanunumadde 193\u2019e uygun \u015fekilde esas al\u0131naca\u011f\u0131n\u0131 ve s\u00f6z konusu kay\u0131tlar\u0131n bir delil s\u00f6zle\u015fmesi te\u015fkil etti\u011fi hususunu kabul ve beyan eder.<\/li><\/ul>\n","protected":false},"excerpt":{"rendered":"<p>Sitenin Tan\u0131m\u0131 www.\u0130CardMe.com&nbsp;internet sitesi, Kar\u015f\u0131yaka Mahallesi 584. Sokak \u015eiring\u00f6lk\u00f6y Sitesi no: 2\/9 G\u00f6lba\u015f\u0131 Ankara&nbsp;adresinde faaliyetlerini y\u00fcr\u00fcten bir \u00fcr\u00fcn pazarlama ve online sat\u0131\u015f sitesidir. S\u00f6zle\u015fmenin Konusu \u0130\u015fbu<span class=\"excerpt-hellip\"> [\u2026]<\/span><\/p>\n","protected":false},"author":1,"featured_media":0,"parent":0,"menu_order":0,"comment_status":"closed","ping_status":"closed","template":"","meta":{"_uag_custom_page_level_css":"","footnotes":""},"jetpack_sharing_enabled":true,"uagb_featured_image_src":{"full":false,"thumbnail":false,"medium":false,"medium_large":false,"large":false,"1536x1536":false,"2048x2048":false,"be_thumbnail":false,"be_clients":false,"slider-content":false,"portfolio-mf":false,"portfolio-mf-w":false,"portfolio-mf-t":false,"portfolio-list":false,"blog-portfolio":false,"blog-single":false,"mobile-srcset":false,"woocommerce_thumbnail":false,"woocommerce_single":false,"woocommerce_gallery_thumbnail":false},"uagb_author_info":{"display_name":"admin","author_link":"https:\/\/icardme.com\/get\/author\/admin\/"},"uagb_comment_info":0,"uagb_excerpt":"Sitenin Tan\u0131m\u0131 www.\u0130CardMe.com&nbsp;internet sitesi, Kar\u015f\u0131yaka Mahallesi 584. Sokak \u015eiring\u00f6lk\u00f6y Sitesi no: 2\/9 G\u00f6lba\u015f\u0131 Ankara&nbsp;adresinde faaliyetlerini y\u00fcr\u00fcten bir \u00fcr\u00fcn pazarlama ve online sat\u0131\u015f sitesidir. S\u00f6zle\u015fmenin Konusu \u0130\u015fbu [\u2026]","_links":{"self":[{"href":"https:\/\/icardme.com\/get\/wp-json\/wp\/v2\/pages\/1248"}],"collection":[{"href":"https:\/\/icardme.com\/get\/wp-json\/wp\/v2\/pages"}],"about":[{"href":"https:\/\/icardme.com\/get\/wp-json\/wp\/v2\/types\/page"}],"author":[{"embeddable":true,"href":"https:\/\/icardme.com\/get\/wp-json\/wp\/v2\/users\/1"}],"replies":[{"embeddable":true,"href":"https:\/\/icardme.com\/get\/wp-json\/wp\/v2\/comments?post=1248"}],"version-history":[{"count":1,"href":"https:\/\/icardme.com\/get\/wp-json\/wp\/v2\/pages\/1248\/revisions"}],"predecessor-version":[{"id":1249,"href":"https:\/\/icardme.com\/get\/wp-json\/wp\/v2\/pages\/1248\/revisions\/1249"}],"wp:attachment":[{"href":"https:\/\/icardme.com\/get\/wp-json\/wp\/v2\/media?parent=1248"}],"curies":[{"name":"wp","href":"https:\/\/api.w.org\/{rel}","templated":true}]}}