{"id":1244,"date":"2022-09-09T12:56:00","date_gmt":"2022-09-09T12:56:00","guid":{"rendered":"https:\/\/icardme.com\/get\/?page_id=1244"},"modified":"2022-09-09T12:56:03","modified_gmt":"2022-09-09T12:56:03","slug":"kisisel-verilerin-islenmesine-iliskin-aydinlatma-metni","status":"publish","type":"page","link":"https:\/\/icardme.com\/get\/kisisel-verilerin-islenmesine-iliskin-aydinlatma-metni\/","title":{"rendered":"K\u0130\u015e\u0130SEL VER\u0130LER\u0130N \u0130\u015eLENMES\u0130NE \u0130L\u0130\u015eK\u0130N AYDINLATMA METN\u0130"},"content":{"rendered":"\n<p>\u0130\u015fbu Ayd\u0131nlatma Metni, iCardMe (\u201c\u201d\u015eirket\u201d) taraf\u0131ndan \u015eirket\u2019in<br>m\u00fc\u015fterilerinin 6698 say\u0131l\u0131 Ki\u015fisel Verilerin Korunmas\u0131 Kanunu (\u201cKanun\u201d)<br>kapsam\u0131nda ki\u015fisel verilerinin \u015eirket taraf\u0131ndan i\u015flenmesine ili\u015fkin olarak<br>ayd\u0131nlat\u0131lmas\u0131 amac\u0131yla haz\u0131rlanm\u0131\u015ft\u0131r.<br>Ki\u015fisel verilerinizin i\u015fbu Ayd\u0131nlatma Metni kapsam\u0131nda i\u015flenmesine ili\u015fkin<br>detayl\u0131 bilgilere [www.icardme.com] adresinde yer alan &nbsp;KVKK Ayd\u0131nlatma<br>Metni \u00fczerinden ula\u015fabilirsiniz.<\/p>\n\n\n\n<ol><li>a) Ki\u015fisel Verilerin Elde Edilme Y\u00f6ntemleri ve Hukuki Sebepleri<br>Ki\u015fisel verileriniz, elektronik veya fiziki ortamda toplanmaktad\u0131r. \u0130\u015fbu<br>Ayd\u0131nlatma Metni\u2019nde belirtilen hukuki sebeplerle toplanan ki\u015fisel verileriniz<br>Kanun\u2019un 5. ve 6. maddelerinde belirtilen ki\u015fisel veri i\u015fleme \u015fartlar\u0131<br>\u00e7er\u00e7evesinde i\u015flenebilmekte ve payla\u015f\u0131labilmektedir.<\/li><li>b) Ki\u015fisel Verilerin \u0130\u015fleme Ama\u00e7lar\u0131<br>Ki\u015fisel verileriniz, Kanun\u2019un 5. ve 6. maddelerinde belirtilen ki\u015fisel veri<br>i\u015fleme \u015fartlar\u0131 \u00e7er\u00e7evesinde&nbsp;\u015eirket&nbsp;taraf\u0131ndan sunulan \u00fcr\u00fcn ve hizmetlerin<br>ilgili ki\u015filerin be\u011feni, kullan\u0131m al\u0131\u015fkanl\u0131klar\u0131 ve ihtiya\u00e7lar\u0131na g\u00f6re<br>\u00f6zelle\u015ftirilerek ilgili ki\u015filere \u00f6nerilmesi ve tan\u0131t\u0131lmas\u0131 i\u00e7in gerekli olan<br>aktivitelerin planlanmas\u0131 ve icras\u0131,&nbsp;\u015eirket&nbsp;taraf\u0131ndan sunulan \u00fcr\u00fcn ve<br>hizmetlerden ilgili ki\u015fileri faydaland\u0131rmak i\u00e7in gerekli \u00e7al\u0131\u015fmalar\u0131n i\u015f birimleri<br>taraf\u0131ndan yap\u0131lmas\u0131 ve ilgili i\u015f s\u00fcre\u00e7lerinin y\u00fcr\u00fct\u00fclmesi,&nbsp;\u015eirket&nbsp;taraf\u0131ndan<br>y\u00fcr\u00fct\u00fclen ticari faaliyetlerin ger\u00e7ekle\u015ftirilmesi i\u00e7in ilgili i\u015f birimleri taraf\u0131ndan<br>gerekli \u00e7al\u0131\u015fmalar\u0131n yap\u0131lmas\u0131 ve buna ba\u011fl\u0131 i\u015f s\u00fcre\u00e7lerinin<br>y\u00fcr\u00fct\u00fclmesi,&nbsp;\u015eirket\u2018in ticari ve\/veya i\u015f stratejilerinin planlanmas\u0131 ve icras\u0131<br>ve&nbsp;\u015eirket\u2018in ve&nbsp;\u015eirket\u2018le i\u015f ili\u015fkisi i\u00e7erisinde olan ilgili ki\u015filerin hukuki, teknik<br>ve ticari-i\u015f g\u00fcvenli\u011finin temini ama\u00e7lar\u0131yla i\u015flenmektedir.<\/li><li>c) Ki\u015fisel Verilerin Payla\u015f\u0131labilece\u011fi Taraflar ve Payla\u015f\u0131m<br>Ama\u00e7lar\u0131<br>Ki\u015fisel verileriniz, Kanun\u2019un 8. ve 9. maddelerinde belirtilen ki\u015fisel veri<br>i\u015fleme \u015fartlar\u0131 ve ama\u00e7lar\u0131 \u00e7er\u00e7evesinde,&nbsp;\u015eirket&nbsp;taraf\u0131ndan sunulan \u00fcr\u00fcn ve<br>hizmetlerin ilgili ki\u015filerin be\u011feni, kullan\u0131m al\u0131\u015fkanl\u0131klar\u0131 ve ihtiya\u00e7lar\u0131na g\u00f6re<br>\u00f6zelle\u015ftirilerek ilgili ki\u015filere \u00f6nerilmesi ve tan\u0131t\u0131lmas\u0131 i\u00e7in gerekli olan<br>aktivitelerin planlanmas\u0131 ve icras\u0131,&nbsp;\u015eirket&nbsp;taraf\u0131ndan sunulan \u00fcr\u00fcn ve<br>hizmetlerden ilgili ki\u015fileri faydaland\u0131rmak i\u00e7in gerekli \u00e7al\u0131\u015fmalar\u0131n i\u015f birimleri<br>taraf\u0131ndan yap\u0131lmas\u0131 ve ilgili i\u015f s\u00fcre\u00e7lerinin y\u00fcr\u00fct\u00fclmesi,&nbsp;\u015eirket&nbsp;taraf\u0131ndan<br>y\u00fcr\u00fct\u00fclen ticari faaliyetlerin ger\u00e7ekle\u015ftirilmesi i\u00e7in ilgili i\u015f birimleri taraf\u0131ndan<\/li><\/ol>\n\n\n\n<p>gerekli \u00e7al\u0131\u015fmalar\u0131n yap\u0131lmas\u0131 ve buna ba\u011fl\u0131 i\u015f s\u00fcre\u00e7lerinin<br>y\u00fcr\u00fct\u00fclmesi,&nbsp;\u015eirket\u2018in ticari ve\/veya i\u015f stratejilerinin planlanmas\u0131 ve icras\u0131<br>ve&nbsp;\u015eirket\u2018in ve&nbsp;\u015eirket\u2018le i\u015f ili\u015fkisi i\u00e7erisinde olan ilgili ki\u015filerin hukuki, teknik<br>ve ticari-i\u015f g\u00fcvenli\u011finin temini ama\u00e7lar\u0131 dahilinde&nbsp;\u015eirket\u2019in i\u015f ortaklar\u0131 ve<br>tedarik\u00e7ileri ile hukuken yetkili kurum ve kurulu\u015flar ile hukuken yetkili \u00f6zel<br>hukuk t\u00fczel ki\u015fileriyle payla\u015f\u0131labilecektir.<\/p>\n\n\n\n<ol><li>d) Veri Sahiplerinin Haklar\u0131 ve Bu Haklar\u0131n Kullan\u0131lmas\u0131<br>Ki\u015fisel veri sahipleri olarak a\u015fa\u011f\u0131da belirtilen haklar\u0131n\u0131za ili\u015fkin<br>taleplerinizi&nbsp;Veri Sahipleri Taraf\u0131ndan Haklar\u0131n Kullan\u0131lmas\u0131 ba\u015fl\u0131\u011f\u0131<br>alt\u0131nda&nbsp;belirtilen y\u00f6ntemlerle \u015eirket\u2019e iletmeniz durumunda talepleriniz<br>\u015eirketimiz taraf\u0131ndan m\u00fcmk\u00fcn olan en k\u0131sa s\u00fcrede ve her halde 30 (otuz)<br>g\u00fcn i\u00e7erisinde de\u011ferlendirilerek sonu\u00e7land\u0131r\u0131lacakt\u0131r.<br>Kanun\u2019un 11. maddesi uyar\u0131nca&nbsp;ki\u015fisel veri sahibi&nbsp;olarak a\u015fa\u011f\u0131daki haklara<br>sahipsiniz:<br>\uf0b7 Ki\u015fisel verilerinizin i\u015flenip i\u015flenmedi\u011fini \u00f6\u011frenme,<br>\uf0b7 Ki\u015fisel verileriniz i\u015flenmi\u015fse buna ili\u015fkin bilgi talep etme,<br>\uf0b7 Ki\u015fisel verilerinizin i\u015flenme amac\u0131n\u0131 ve bunlar\u0131n amac\u0131na uygun<br>kullan\u0131l\u0131p kullan\u0131lmad\u0131\u011f\u0131n\u0131 \u00f6\u011frenme,<br>\uf0b7 Yurt i\u00e7inde veya yurt d\u0131\u015f\u0131nda ki\u015fisel verilerinizin aktar\u0131ld\u0131\u011f\u0131 \u00fc\u00e7\u00fcnc\u00fc<br>ki\u015fileri bilme,<br>\uf0b7 Ki\u015fisel verilerinizin eksik veya yanl\u0131\u015f i\u015flenmi\u015f olmas\u0131 h\u00e2linde bunlar\u0131n<br>d\u00fczeltilmesini isteme ve bu kapsamda yap\u0131lan i\u015flemin ki\u015fisel verilerin<br>aktar\u0131ld\u0131\u011f\u0131 \u00fc\u00e7\u00fcnc\u00fc ki\u015filere bildirilmesini isteme,<br>\uf0b7 Kanun ve ilgili di\u011fer kanun h\u00fck\u00fcmlerine uygun olarak i\u015flenmi\u015f<br>olmas\u0131na ra\u011fmen, i\u015flenmesini gerektiren sebeplerin ortadan kalkmas\u0131<br>h\u00e2linde ki\u015fisel verilerinizin silinmesini veya yok edilmesini isteme ve<br>bu kapsamda yap\u0131lan i\u015flemin ki\u015fisel verilerin aktar\u0131ld\u0131\u011f\u0131 \u00fc\u00e7\u00fcnc\u00fc<br>ki\u015filere bildirilmesini isteme,<br>\uf0b7 \u0130\u015flenen verilerinizin m\u00fcnhas\u0131ran otomatik sistemler vas\u0131tas\u0131yla analiz<br>edilmesi suretiyle ki\u015finin kendisi aleyhine bir sonucun ortaya<br>\u00e7\u0131kmas\u0131na itiraz etme,<br>\uf0b7 Ki\u015fisel verilerinizin kanuna ayk\u0131r\u0131 olarak i\u015flenmesi sebebiyle zarara<br>u\u011framas\u0131 h\u00e2linde zarar\u0131n giderilmesini talep etme.<br>\uf0b7 Kanun\u2019un 28. maddesinin 2. f\u0131kras\u0131 veri sahiplerinin talep hakk\u0131<br>bulunmayan halleri s\u0131ralam\u0131\u015f olup bu kapsamda;<br>\uf0b7 Ki\u015fisel veri i\u015flemenin su\u00e7 i\u015flenmesinin \u00f6nlenmesi veya su\u00e7<br>soru\u015fturmas\u0131 i\u00e7in gerekli olmas\u0131,<br>\uf0b7 \u0130lgili ki\u015finin kendisi taraf\u0131ndan alenile\u015ftirilmi\u015f ki\u015fisel verilerin<br>i\u015flenmesi,<br>\uf0b7 Ki\u015fisel veri i\u015flemenin kanunun verdi\u011fi yetkiye dayan\u0131larak g\u00f6revli ve<br>yetkili kamu kurum ve kurulu\u015flar\u0131 ile kamu kurumu niteli\u011findeki<\/li><\/ol>\n\n\n\n<p>meslek kurulu\u015flar\u0131nca, denetleme veya d\u00fczenleme g\u00f6revlerinin<br>y\u00fcr\u00fct\u00fclmesi ile disiplin soru\u015fturma veya kovu\u015fturmas\u0131 i\u00e7in gerekli<br>olmas\u0131,<br>\uf0b7 Ki\u015fisel veri i\u015flemenin b\u00fct\u00e7e, vergi ve mali konulara ili\u015fkin olarak<br>Devletin ekonomik ve mali \u00e7\u0131karlar\u0131n\u0131n korunmas\u0131 i\u00e7in gerekli olmas\u0131,<br>\uf0b7 hallerinde verilere y\u00f6nelik olarak yukar\u0131da belirlenen haklar<br>kullan\u0131lamayacakt\u0131r.<br>\uf0b7 Kanun\u2019un 28. maddesinin 1. f\u0131kras\u0131na g\u00f6re ise a\u015fa\u011f\u0131daki durumlarda<br>veriler Kanun kapsam\u0131 d\u0131\u015f\u0131nda olaca\u011f\u0131ndan, veri sahiplerinin talepleri<br>bu veriler bak\u0131m\u0131ndan da i\u015fleme al\u0131nmayacakt\u0131r:<br>\uf0b7 Ki\u015fisel verilerin, \u00fc\u00e7\u00fcnc\u00fc ki\u015filere verilmemek ve veri g\u00fcvenli\u011fine ili\u015fkin<br>y\u00fck\u00fcml\u00fcl\u00fcklere uyulmak kayd\u0131yla ger\u00e7ek ki\u015filer taraf\u0131ndan tamamen<br>kendisiyle veya ayn\u0131 konutta ya\u015fayan aile fertleriyle ilgili faaliyetler<br>kapsam\u0131nda i\u015flenmesi.<br>\uf0b7 Ki\u015fisel verilerin resmi istatistik ile anonim h\u00e2le getirilmek suretiyle<br>ara\u015ft\u0131rma, planlama ve istatistik gibi ama\u00e7larla i\u015flenmesi.<br>\uf0b7 Ki\u015fisel verilerin mill\u00ee savunmay\u0131, mill\u00ee g\u00fcvenli\u011fi, kamu g\u00fcvenli\u011fini,<br>kamu d\u00fczenini, ekonomik g\u00fcvenli\u011fi, \u00f6zel hayat\u0131n gizlili\u011fini veya ki\u015filik<br>haklar\u0131n\u0131 ihlal etmemek ya da su\u00e7 te\u015fkil etmemek kayd\u0131yla, sanat,<br>tarih, edebiyat veya bilimsel ama\u00e7larla ya da ifade \u00f6zg\u00fcrl\u00fc\u011f\u00fc<br>kapsam\u0131nda i\u015flenmesi.<br>\uf0b7 Ki\u015fisel verilerin mill\u00ee savunmay\u0131, mill\u00ee g\u00fcvenli\u011fi, kamu g\u00fcvenli\u011fini,<br>kamu d\u00fczenini veya ekonomik g\u00fcvenli\u011fi sa\u011flamaya y\u00f6nelik olarak<br>kanunla g\u00f6rev ve yetki verilmi\u015f kamu kurum ve kurulu\u015flar\u0131 taraf\u0131ndan<br>y\u00fcr\u00fct\u00fclen \u00f6nleyici, koruyucu ve istihbari faaliyetler kapsam\u0131nda<br>i\u015flenmesi.<br>\uf0b7 Ki\u015fisel verilerin soru\u015fturma, kovu\u015fturma, yarg\u0131lama veya infaz<br>i\u015flemlerine ili\u015fkin olarak yarg\u0131 makamlar\u0131 veya infaz mercileri<br>taraf\u0131ndan i\u015flenmesi.<br>Veri Sahipleri Taraf\u0131ndan Haklar\u0131n Kullan\u0131lmas\u0131<br>\uf0b7 Veri sahipleri, yukar\u0131da bahsi ge\u00e7en haklar\u0131 kullanmak i\u00e7in<br>[ww\u2026\u2026\u2026\u2026\u2026..\u2026\u2026\u2026..com] linkinde yer alan \u201c&nbsp;Ki\u015fisel Veri Sahibi<br>Taraf\u0131ndan Veri Sorumlusuna Yap\u0131lacak Ba\u015fvurulara ili\u015fkin Form&nbsp;\u201du<br>kullanabileceklerdir.<br>\uf0b7 Ba\u015fvurular, ilgili veri sahibinin kimli\u011fini tespit edecek belgelerle<br>birlikte, a\u015fa\u011f\u0131daki y\u00f6ntemlerden biri ile ger\u00e7ekle\u015ftirilecektir:<br>\uf0b7 Formun doldurularak \u0131slak imzal\u0131 kopyas\u0131n\u0131n elden, noter arac\u0131l\u0131\u011f\u0131 ile<br>veya iadeli taahh\u00fctl\u00fc mektupla Kar\u015f\u0131yaka mahallesi, 584. Sk.<br>\u015eiring\u00f6lk\u00f6y sitesi no : 2\/9, G\u00f6lba\u015f\u0131, Ankara, T\u00fcrkiye adresine<br>iletilmesi,<br>\uf0b7 Formun 5070 say\u0131l\u0131 Elektronik \u0130mza Kanunu kapsam\u0131nda d\u00fczenlenen<br>g\u00fcvenli elektronik&nbsp;imza&nbsp;ile imzalanarak<\/p>\n\n\n\n<p class=\"has-text-align-left\">hello@icardme.com  adresine kay\u0131tl\u0131 elektronik posta ile<br>g\u00f6nderilmesi,<br>\uf0b7 Ki\u015fisel Verileri Koruma Kurulu taraf\u0131ndan \u00f6ng\u00f6r\u00fclen bir y\u00f6ntemin<br>izlenmesi.<br>\uf0b7 \u015eirket, Kanun\u2019da \u00f6ng\u00f6r\u00fclm\u00fc\u015f s\u0131n\u0131rlar \u00e7er\u00e7evesinde s\u00f6z konusu<br>haklar\u0131 kullanmak isteyen veri sahiplerine, yine Kanun\u2019da \u00f6ng\u00f6r\u00fclen<br>\u015fekilde azami otuz (30) g\u00fcn i\u00e7erisinde cevap vermektedir. Ki\u015fisel veri<br>sahipleri ad\u0131na \u00fc\u00e7\u00fcnc\u00fc ki\u015filerin ba\u015fvuru talebinde bulunabilmesi i\u00e7in<br>veri sahibi taraf\u0131ndan ba\u015fvuruda bulunacak ki\u015fi ad\u0131na noter kanal\u0131yla<br>d\u00fczenlenmi\u015f \u00f6zel vek\u00e2letname bulunmal\u0131d\u0131r.<br>\uf0b7 Veri sahibi ba\u015fvurular\u0131 kural olarak \u00fccretsiz olarak i\u015fleme al\u0131nmakla<br>birlikte, Ki\u015fisel Verileri Koruma Kurulu taraf\u0131ndan \u00f6ng\u00f6r\u00fclen \u00fccret<br>tarifesi [1] \u00a0\u00fczerinden \u00fccretlendirme yap\u0131labilecektir.<br>\uf0b7 \u015eirket, ba\u015fvuruda bulunan ki\u015finin ki\u015fisel veri sahibi olup olmad\u0131\u011f\u0131n\u0131<br>tespit etmek ad\u0131na ilgili ki\u015fiden bilgi talep edebilir, ba\u015fvuruda belirtilen<br>hususlar\u0131 netle\u015ftirmek ad\u0131na, ki\u015fisel veri sahibine ba\u015fvurusu ile ilgili<br>soru y\u00f6neltebilir.<\/p>\n","protected":false},"excerpt":{"rendered":"<p>\u0130\u015fbu Ayd\u0131nlatma Metni, iCardMe (\u201c\u201d\u015eirket\u201d) taraf\u0131ndan \u015eirket\u2019inm\u00fc\u015fterilerinin 6698 say\u0131l\u0131 Ki\u015fisel Verilerin Korunmas\u0131 Kanunu (\u201cKanun\u201d)kapsam\u0131nda ki\u015fisel verilerinin \u015eirket taraf\u0131ndan i\u015flenmesine ili\u015fkin olarakayd\u0131nlat\u0131lmas\u0131 amac\u0131yla haz\u0131rlanm\u0131\u015ft\u0131r.Ki\u015fisel verilerinizin i\u015fbu Ayd\u0131nlatma<span class=\"excerpt-hellip\"> [\u2026]<\/span><\/p>\n","protected":false},"author":1,"featured_media":0,"parent":0,"menu_order":0,"comment_status":"closed","ping_status":"closed","template":"","meta":{"_uag_custom_page_level_css":"","footnotes":""},"jetpack_sharing_enabled":true,"uagb_featured_image_src":{"full":false,"thumbnail":false,"medium":false,"medium_large":false,"large":false,"1536x1536":false,"2048x2048":false,"be_thumbnail":false,"be_clients":false,"slider-content":false,"portfolio-mf":false,"portfolio-mf-w":false,"portfolio-mf-t":false,"portfolio-list":false,"blog-portfolio":false,"blog-single":false,"mobile-srcset":false,"woocommerce_thumbnail":false,"woocommerce_single":false,"woocommerce_gallery_thumbnail":false},"uagb_author_info":{"display_name":"admin","author_link":"https:\/\/icardme.com\/get\/author\/admin\/"},"uagb_comment_info":0,"uagb_excerpt":"\u0130\u015fbu Ayd\u0131nlatma Metni, iCardMe (\u201c\u201d\u015eirket\u201d) taraf\u0131ndan \u015eirket\u2019inm\u00fc\u015fterilerinin 6698 say\u0131l\u0131 Ki\u015fisel Verilerin Korunmas\u0131 Kanunu (\u201cKanun\u201d)kapsam\u0131nda ki\u015fisel verilerinin \u015eirket taraf\u0131ndan i\u015flenmesine ili\u015fkin olarakayd\u0131nlat\u0131lmas\u0131 amac\u0131yla haz\u0131rlanm\u0131\u015ft\u0131r.Ki\u015fisel verilerinizin i\u015fbu Ayd\u0131nlatma [\u2026]","_links":{"self":[{"href":"https:\/\/icardme.com\/get\/wp-json\/wp\/v2\/pages\/1244"}],"collection":[{"href":"https:\/\/icardme.com\/get\/wp-json\/wp\/v2\/pages"}],"about":[{"href":"https:\/\/icardme.com\/get\/wp-json\/wp\/v2\/types\/page"}],"author":[{"embeddable":true,"href":"https:\/\/icardme.com\/get\/wp-json\/wp\/v2\/users\/1"}],"replies":[{"embeddable":true,"href":"https:\/\/icardme.com\/get\/wp-json\/wp\/v2\/comments?post=1244"}],"version-history":[{"count":1,"href":"https:\/\/icardme.com\/get\/wp-json\/wp\/v2\/pages\/1244\/revisions"}],"predecessor-version":[{"id":1245,"href":"https:\/\/icardme.com\/get\/wp-json\/wp\/v2\/pages\/1244\/revisions\/1245"}],"wp:attachment":[{"href":"https:\/\/icardme.com\/get\/wp-json\/wp\/v2\/media?parent=1244"}],"curies":[{"name":"wp","href":"https:\/\/api.w.org\/{rel}","templated":true}]}}